{"id":844,"date":"2021-02-22T16:02:29","date_gmt":"2021-02-22T15:02:29","guid":{"rendered":"https:\/\/fr.gate-away.com\/blog\/?page_id=844"},"modified":"2021-03-31T18:46:48","modified_gmt":"2021-03-31T16:46:48","slug":"guide-dachat","status":"publish","type":"page","link":"https:\/\/fr.gate-away.com\/blog\/guide-dachat\/","title":{"rendered":"Guide d\u2019achat"},"content":{"rendered":"\n<h2 class=\"wp-block-heading\">Guide pour l\u2019achat de biens immobiliers en Italie<\/h2>\n\n\n\n<p>Benvenuti a casa in Italia, ou bienvenue chez vous en Italie. Gate-away.com est heureux de fournir ce guide complet d\u2019achat de biens immobiliers en Italie \u00e0 une client\u00e8le internationale croissante qui cherche \u00e0 acqu\u00e9rir une propri\u00e9t\u00e9 ici. Dans ce guide en ligne, les \u00e9trangers trouveront des conseils judicieux sur le processus d\u2019achat de biens immobiliers en Italie, y compris des conseils solides concernant les taxes, les frais, les commissions et autres co\u00fbts. En plus d\u2019offrir de merveilleuses informations pratiques, ce guide informera nos investisseurs non italiens des pi\u00e8ges bureaucratiques et autres dilemmes li\u00e9s \u00e0 l\u2019achat d\u2019une maison qui pourraient faire tr\u00e9bucher l\u2019acheteur non pr\u00e9par\u00e9. Utilisez ce guide pour faciliter votre entr\u00e9e au pays de la dolce vita, la belle vie italienne.<\/p>\n","protected":false},"excerpt":{"rendered":"<p>Guide pour l\u2019achat de biens immobiliers en Italie Benvenuti a casa in Italia, ou bienvenue chez &hellip; <a class=\"card__read-more\" href=\"https:\/\/fr.gate-away.com\/blog\/guide-dachat\/\">Lire la suite <span class=\"icon\"><br \/>\n    <svg aria-hidden=\"true\" focusable=\"false\">\n        <use xlink:href=\"https:\/\/fr.gate-away.com\/blog\/wp-content\/themes\/gateaway\/dist\/icons\/icons.svg#assets--src--icons--arrow-right\"><\/use>\n    <\/svg><br \/>\n<\/span><br \/>\n<\/a><\/p>\n","protected":false},"author":1,"featured_media":0,"parent":0,"menu_order":0,"comment_status":"closed","ping_status":"closed","template":"page-templates\/buying-guide.php","meta":{"_acf_changed":false,"footnotes":""},"class_list":["post-844","page","type-page","status-publish","hentry"],"acf":[],"yoast_head":"<!-- This site is optimized with the Yoast SEO plugin v27.4 - https:\/\/yoast.com\/product\/yoast-seo-wordpress\/ -->\n<title>Guide d\u2019achat - Gate-away.com blog<\/title>\n<meta name=\"description\" content=\"Un guide complet pour l&#039;achat d&#039;une propri\u00e9t\u00e9 en Italie. Le processus d&#039;achat d&#039;un bien immobilier en Italie, avec des conseils utiles sur les taxes, les frais, les commissions et autres co\u00fbts.\" \/>\n<meta name=\"robots\" content=\"index, follow, max-snippet:-1, max-image-preview:large, max-video-preview:-1\" \/>\n<link rel=\"canonical\" href=\"https:\/\/fr.gate-away.com\/blog\/guide-dachat\/\" \/>\n<meta property=\"og:locale\" content=\"fr_FR\" \/>\n<meta property=\"og:type\" content=\"article\" \/>\n<meta property=\"og:title\" content=\"Guide d\u2019achat - Gate-away.com blog\" \/>\n<meta property=\"og:description\" content=\"Un guide complet pour l&#039;achat d&#039;une propri\u00e9t\u00e9 en Italie. Le processus d&#039;achat d&#039;un bien immobilier en Italie, avec des conseils utiles sur les taxes, les frais, les commissions et autres co\u00fbts.\" \/>\n<meta property=\"og:url\" content=\"https:\/\/fr.gate-away.com\/blog\/guide-dachat\/\" \/>\n<meta property=\"og:site_name\" content=\"Gate-away.com blog\" \/>\n<meta property=\"article:publisher\" content=\"https:\/\/www.facebook.com\/GateAway\/\" \/>\n<meta property=\"article:modified_time\" content=\"2021-03-31T16:46:48+00:00\" \/>\n<meta name=\"twitter:label1\" content=\"Dur\u00e9e de lecture estim\u00e9e\" \/>\n\t<meta name=\"twitter:data1\" content=\"1 minute\" \/>\n<script type=\"application\/ld+json\" class=\"yoast-schema-graph\">{\"@context\":\"https:\\\/\\\/schema.org\",\"@graph\":[{\"@type\":\"WebPage\",\"@id\":\"https:\\\/\\\/fr.gate-away.com\\\/blog\\\/guide-dachat\\\/\",\"url\":\"https:\\\/\\\/fr.gate-away.com\\\/blog\\\/guide-dachat\\\/\",\"name\":\"Guide d\u2019achat - Gate-away.com blog\",\"isPartOf\":{\"@id\":\"https:\\\/\\\/fr.gate-away.com\\\/blog\\\/#website\"},\"datePublished\":\"2021-02-22T15:02:29+00:00\",\"dateModified\":\"2021-03-31T16:46:48+00:00\",\"description\":\"Un guide complet pour l'achat d'une propri\u00e9t\u00e9 en Italie. Le processus d'achat d'un bien immobilier en Italie, avec des conseils utiles sur les taxes, les frais, les commissions et autres co\u00fbts.\",\"breadcrumb\":{\"@id\":\"https:\\\/\\\/fr.gate-away.com\\\/blog\\\/guide-dachat\\\/#breadcrumb\"},\"inLanguage\":\"fr-FR\",\"potentialAction\":[{\"@type\":\"ReadAction\",\"target\":[\"https:\\\/\\\/fr.gate-away.com\\\/blog\\\/guide-dachat\\\/\"]}]},{\"@type\":\"BreadcrumbList\",\"@id\":\"https:\\\/\\\/fr.gate-away.com\\\/blog\\\/guide-dachat\\\/#breadcrumb\",\"itemListElement\":[{\"@type\":\"ListItem\",\"position\":1,\"name\":\"Page d\u2019accueil\",\"item\":\"https:\\\/\\\/fr.gate-away.com\\\/blog\\\/\"},{\"@type\":\"ListItem\",\"position\":2,\"name\":\"Guide d\u2019achat\"}]},{\"@type\":\"WebSite\",\"@id\":\"https:\\\/\\\/fr.gate-away.com\\\/blog\\\/#website\",\"url\":\"https:\\\/\\\/fr.gate-away.com\\\/blog\\\/\",\"name\":\"Gate-away.com blog\",\"description\":\"Le blog immobilier italien\",\"potentialAction\":[{\"@type\":\"SearchAction\",\"target\":{\"@type\":\"EntryPoint\",\"urlTemplate\":\"https:\\\/\\\/fr.gate-away.com\\\/blog\\\/?s={search_term_string}\"},\"query-input\":{\"@type\":\"PropertyValueSpecification\",\"valueRequired\":true,\"valueName\":\"search_term_string\"}}],\"inLanguage\":\"fr-FR\"}]}<\/script>\n<!-- \/ Yoast SEO plugin. -->","yoast_head_json":{"title":"Guide d\u2019achat - Gate-away.com blog","description":"Un guide complet pour l'achat d'une propri\u00e9t\u00e9 en Italie. Le processus d'achat d'un bien immobilier en Italie, avec des conseils utiles sur les taxes, les frais, les commissions et autres co\u00fbts.","robots":{"index":"index","follow":"follow","max-snippet":"max-snippet:-1","max-image-preview":"max-image-preview:large","max-video-preview":"max-video-preview:-1"},"canonical":"https:\/\/fr.gate-away.com\/blog\/guide-dachat\/","og_locale":"fr_FR","og_type":"article","og_title":"Guide d\u2019achat - Gate-away.com blog","og_description":"Un guide complet pour l'achat d'une propri\u00e9t\u00e9 en Italie. Le processus d'achat d'un bien immobilier en Italie, avec des conseils utiles sur les taxes, les frais, les commissions et autres co\u00fbts.","og_url":"https:\/\/fr.gate-away.com\/blog\/guide-dachat\/","og_site_name":"Gate-away.com blog","article_publisher":"https:\/\/www.facebook.com\/GateAway\/","article_modified_time":"2021-03-31T16:46:48+00:00","twitter_misc":{"Dur\u00e9e de lecture estim\u00e9e":"1 minute"},"schema":{"@context":"https:\/\/schema.org","@graph":[{"@type":"WebPage","@id":"https:\/\/fr.gate-away.com\/blog\/guide-dachat\/","url":"https:\/\/fr.gate-away.com\/blog\/guide-dachat\/","name":"Guide d\u2019achat - Gate-away.com blog","isPartOf":{"@id":"https:\/\/fr.gate-away.com\/blog\/#website"},"datePublished":"2021-02-22T15:02:29+00:00","dateModified":"2021-03-31T16:46:48+00:00","description":"Un guide complet pour l'achat d'une propri\u00e9t\u00e9 en Italie. Le processus d'achat d'un bien immobilier en Italie, avec des conseils utiles sur les taxes, les frais, les commissions et autres co\u00fbts.","breadcrumb":{"@id":"https:\/\/fr.gate-away.com\/blog\/guide-dachat\/#breadcrumb"},"inLanguage":"fr-FR","potentialAction":[{"@type":"ReadAction","target":["https:\/\/fr.gate-away.com\/blog\/guide-dachat\/"]}]},{"@type":"BreadcrumbList","@id":"https:\/\/fr.gate-away.com\/blog\/guide-dachat\/#breadcrumb","itemListElement":[{"@type":"ListItem","position":1,"name":"Page d\u2019accueil","item":"https:\/\/fr.gate-away.com\/blog\/"},{"@type":"ListItem","position":2,"name":"Guide d\u2019achat"}]},{"@type":"WebSite","@id":"https:\/\/fr.gate-away.com\/blog\/#website","url":"https:\/\/fr.gate-away.com\/blog\/","name":"Gate-away.com blog","description":"Le blog immobilier italien","potentialAction":[{"@type":"SearchAction","target":{"@type":"EntryPoint","urlTemplate":"https:\/\/fr.gate-away.com\/blog\/?s={search_term_string}"},"query-input":{"@type":"PropertyValueSpecification","valueRequired":true,"valueName":"search_term_string"}}],"inLanguage":"fr-FR"}]}},"_links":{"self":[{"href":"https:\/\/fr.gate-away.com\/blog\/wp-json\/wp\/v2\/pages\/844","targetHints":{"allow":["GET"]}}],"collection":[{"href":"https:\/\/fr.gate-away.com\/blog\/wp-json\/wp\/v2\/pages"}],"about":[{"href":"https:\/\/fr.gate-away.com\/blog\/wp-json\/wp\/v2\/types\/page"}],"author":[{"embeddable":true,"href":"https:\/\/fr.gate-away.com\/blog\/wp-json\/wp\/v2\/users\/1"}],"replies":[{"embeddable":true,"href":"https:\/\/fr.gate-away.com\/blog\/wp-json\/wp\/v2\/comments?post=844"}],"version-history":[{"count":0,"href":"https:\/\/fr.gate-away.com\/blog\/wp-json\/wp\/v2\/pages\/844\/revisions"}],"wp:attachment":[{"href":"https:\/\/fr.gate-away.com\/blog\/wp-json\/wp\/v2\/media?parent=844"}],"curies":[{"name":"wp","href":"https:\/\/api.w.org\/{rel}","templated":true}]}}